{"id":96521,"date":"2024-07-05T10:34:33","date_gmt":"2024-07-05T08:34:33","guid":{"rendered":"https:\/\/www.fmb-messe.de\/?page_id=96521"},"modified":"2025-05-22T14:48:30","modified_gmt":"2025-05-22T12:48:30","slug":"fmb-app","status":"publish","type":"page","link":"https:\/\/www.fmb-messe.de\/de\/fmb-app\/","title":{"rendered":"Infos Messe App &#8211; Besucher"},"content":{"rendered":"\t\t<div data-elementor-type=\"wp-page\" data-elementor-id=\"96521\" class=\"elementor elementor-96521\" data-elementor-post-type=\"page\">\n\t\t\t\t\t\t<section class=\"elementor-section elementor-top-section elementor-element elementor-element-d05858b elementor-section-height-min-height elementor-section-boxed elementor-section-height-default elementor-section-items-middle\" data-id=\"d05858b\" data-element_type=\"section\" data-settings=\"{&quot;background_background&quot;:&quot;classic&quot;}\">\n\t\t\t\t\t\t\t<div class=\"elementor-background-overlay\"><\/div>\n\t\t\t\t\t\t\t<div class=\"elementor-container elementor-column-gap-wide\">\n\t\t\t\t\t<div class=\"elementor-column elementor-col-100 elementor-top-column elementor-element elementor-element-01f1b7e\" data-id=\"01f1b7e\" data-element_type=\"column\">\n\t\t\t<div class=\"elementor-widget-wrap elementor-element-populated\">\n\t\t\t\t\t\t<div class=\"elementor-element elementor-element-830672a elementor-widget elementor-widget-heading\" data-id=\"830672a\" data-element_type=\"widget\" data-widget_type=\"heading.default\">\n\t\t\t\t<div class=\"elementor-widget-container\">\n\t\t\t\t\t<h1 class=\"elementor-heading-title elementor-size-default\">DIE FMB MESSE-APP<\/h1>\t\t\t\t<\/div>\n\t\t\t\t<\/div>\n\t\t\t\t<div class=\"elementor-element elementor-element-39a2537 elementor-widget elementor-widget-heading\" data-id=\"39a2537\" data-element_type=\"widget\" data-widget_type=\"heading.default\">\n\t\t\t\t<div class=\"elementor-widget-container\">\n\t\t\t\t\t<h2 class=\"elementor-heading-title elementor-size-default\">Optimales Messeerlebnis mit der neuen Messe-App<\/h2>\t\t\t\t<\/div>\n\t\t\t\t<\/div>\n\t\t\t\t\t<\/div>\n\t\t<\/div>\n\t\t\t\t\t<\/div>\n\t\t<\/section>\n\t\t\t\t<section class=\"elementor-section elementor-top-section elementor-element elementor-element-6410e316 elementor-section-boxed elementor-section-height-default elementor-section-height-default\" data-id=\"6410e316\" data-element_type=\"section\">\n\t\t\t\t\t\t<div class=\"elementor-container elementor-column-gap-default\">\n\t\t\t\t\t<div class=\"elementor-column elementor-col-100 elementor-top-column elementor-element elementor-element-21a7fc33\" data-id=\"21a7fc33\" data-element_type=\"column\">\n\t\t\t<div class=\"elementor-widget-wrap elementor-element-populated\">\n\t\t\t\t\t\t<div class=\"elementor-element elementor-element-69f67258 elementor-widget elementor-widget-spacer\" data-id=\"69f67258\" data-element_type=\"widget\" data-widget_type=\"spacer.default\">\n\t\t\t\t<div class=\"elementor-widget-container\">\n\t\t\t\t\t\t\t<div class=\"elementor-spacer\">\n\t\t\t<div class=\"elementor-spacer-inner\"><\/div>\n\t\t<\/div>\n\t\t\t\t\t\t<\/div>\n\t\t\t\t<\/div>\n\t\t\t\t\t<\/div>\n\t\t<\/div>\n\t\t\t\t\t<\/div>\n\t\t<\/section>\n\t\t\t\t<section class=\"elementor-section elementor-top-section elementor-element elementor-element-5a93a0a3 elementor-section-boxed elementor-section-height-default elementor-section-height-default\" data-id=\"5a93a0a3\" data-element_type=\"section\" data-settings=\"{&quot;background_background&quot;:&quot;classic&quot;}\">\n\t\t\t\t\t\t<div class=\"elementor-container elementor-column-gap-custom\">\n\t\t\t\t\t<div class=\"elementor-column elementor-col-50 elementor-top-column elementor-element elementor-element-768d8311\" data-id=\"768d8311\" data-element_type=\"column\" data-settings=\"{&quot;background_background&quot;:&quot;classic&quot;}\">\n\t\t\t<div class=\"elementor-widget-wrap elementor-element-populated\">\n\t\t\t\t\t\t<div class=\"elementor-element elementor-element-4a6546cb elementor-widget__width-initial elementor-widget elementor-widget-heading\" data-id=\"4a6546cb\" data-element_type=\"widget\" data-widget_type=\"heading.default\">\n\t\t\t\t<div class=\"elementor-widget-container\">\n\t\t\t\t\t<h3 class=\"elementor-heading-title elementor-size-default\">Auf einen Blick<\/h3>\t\t\t\t<\/div>\n\t\t\t\t<\/div>\n\t\t\t\t<div class=\"elementor-element elementor-element-37ab1f5f elementor-widget__width-initial elementor-widget elementor-widget-heading\" data-id=\"37ab1f5f\" data-element_type=\"widget\" data-widget_type=\"heading.default\">\n\t\t\t\t<div class=\"elementor-widget-container\">\n\t\t\t\t\t<h2 class=\"elementor-heading-title elementor-size-default\">Ihre Vorteile mit der App<\/h2>\t\t\t\t<\/div>\n\t\t\t\t<\/div>\n\t\t\t\t<div class=\"elementor-element elementor-element-654fbd1 elementor-widget elementor-widget-spacer\" data-id=\"654fbd1\" data-element_type=\"widget\" data-widget_type=\"spacer.default\">\n\t\t\t\t<div class=\"elementor-widget-container\">\n\t\t\t\t\t\t\t<div class=\"elementor-spacer\">\n\t\t\t<div class=\"elementor-spacer-inner\"><\/div>\n\t\t<\/div>\n\t\t\t\t\t\t<\/div>\n\t\t\t\t<\/div>\n\t\t\t\t<div class=\"elementor-element elementor-element-37b4843d elementor-widget elementor-widget-text-editor\" data-id=\"37b4843d\" data-element_type=\"widget\" data-widget_type=\"text-editor.default\">\n\t\t\t\t<div class=\"elementor-widget-container\">\n\t\t\t\t\t\t\t\t\t<p>Wir freuen uns, Ihnen unsere neue Messe-App und ihre zahlreichen Funktionen vorzustellen, die Ihr Erlebnis als Besucher vor, w\u00e4hrend und nach der Veranstaltung verbessern werden! Diese App ist mehr als nur ein Planungstool, sie wird zu Ihrem pers\u00f6nlichen Assistenten, der Ihnen ein optimales Erlebnis bietet, von dem Moment an, in dem Sie Ihren Besuch vorbereiten, w\u00e4hrend Ihres Besuchs und sogar nach der Veranstaltung. <span style=\"background-color: var( --e-global-color-4db5903 ); color: var( --e-global-color-text ); font-family: var( --e-global-typography-text-font-family ); font-size: 16px; font-style: normal; letter-spacing: var( --e-global-typography-text-letter-spacing ); text-transform: var( --e-global-typography-text-text-transform ); word-spacing: var( --e-global-typography-text-word-spacing );\">Ihre Vorteile auf einen Blick:<\/span><\/p>\t\t\t\t\t\t\t\t<\/div>\n\t\t\t\t<\/div>\n\t\t\t\t<div class=\"elementor-element elementor-element-47bc3db elementor-widget__width-initial elementor-widget elementor-widget-text-editor\" data-id=\"47bc3db\" data-element_type=\"widget\" data-widget_type=\"text-editor.default\">\n\t\t\t\t<div class=\"elementor-widget-container\">\n\t\t\t\t\t\t\t\t\t<ul><li><strong>Effektives Netzwerken:<\/strong> Sie k\u00f6nnen Fachleute und Experten, die f\u00fcr Sie von Interesse sind, leicht ausfindig machen und Ihre Treffen effektiv planen.<\/li><li><strong>Pers\u00f6nliche Erfahrung:<\/strong> Sie erhalten Empfehlungen, die auf Ihre Interessen und beruflichen Bed\u00fcrfnisse zugeschnitten sind.<\/li><li><strong>Bleiben Sie organisiert, damit Sie nichts verpassen:<\/strong> Behalten Sie den \u00dcberblick \u00fcber Ihren Zeitplan, Ihre Termine und die Veranstaltungen, die Sie interessieren.<\/li><li><strong>Immer auf dem neuesten Stand:<\/strong> Sie erhalten Ereignisaktualisierungen und Benachrichtigungen in Echtzeit.<\/li><\/ul>\t\t\t\t\t\t\t\t<\/div>\n\t\t\t\t<\/div>\n\t\t\t\t<div class=\"elementor-element elementor-element-1bd0ab36 elementor-widget elementor-widget-spacer\" data-id=\"1bd0ab36\" data-element_type=\"widget\" data-widget_type=\"spacer.default\">\n\t\t\t\t<div class=\"elementor-widget-container\">\n\t\t\t\t\t\t\t<div class=\"elementor-spacer\">\n\t\t\t<div class=\"elementor-spacer-inner\"><\/div>\n\t\t<\/div>\n\t\t\t\t\t\t<\/div>\n\t\t\t\t<\/div>\n\t\t\t\t\t<\/div>\n\t\t<\/div>\n\t\t\t\t<div class=\"elementor-column elementor-col-50 elementor-top-column elementor-element elementor-element-4c36a710\" data-id=\"4c36a710\" data-element_type=\"column\">\n\t\t\t<div class=\"elementor-widget-wrap elementor-element-populated\">\n\t\t\t\t\t\t<div class=\"elementor-element elementor-element-5cfd5ad6 elementor-widget elementor-widget-spacer\" data-id=\"5cfd5ad6\" data-element_type=\"widget\" data-widget_type=\"spacer.default\">\n\t\t\t\t<div class=\"elementor-widget-container\">\n\t\t\t\t\t\t\t<div class=\"elementor-spacer\">\n\t\t\t<div class=\"elementor-spacer-inner\"><\/div>\n\t\t<\/div>\n\t\t\t\t\t\t<\/div>\n\t\t\t\t<\/div>\n\t\t\t\t<div class=\"elementor-element elementor-element-74f1ecd elementor-widget__width-auto elementor-widget elementor-widget-image\" data-id=\"74f1ecd\" data-element_type=\"widget\" data-widget_type=\"image.default\">\n\t\t\t\t<div class=\"elementor-widget-container\">\n\t\t\t\t\t\t\t\t\t\t\t\t\t\t\t<img fetchpriority=\"high\" decoding=\"async\" width=\"650\" height=\"850\" src=\"https:\/\/easyfairsassets.com\/sites\/248\/2025\/05\/Grip-Mobile-View_Mockup-5.png\" class=\"attachment-large size-large wp-image-118561\" alt=\"\" srcset=\"https:\/\/easyfairsassets.com\/sites\/248\/2025\/05\/Grip-Mobile-View_Mockup-5.png 650w, https:\/\/easyfairsassets.com\/sites\/248\/2025\/05\/Grip-Mobile-View_Mockup-5-229x300.png 229w\" sizes=\"(max-width: 650px) 100vw, 650px\" \/>\t\t\t\t\t\t\t\t\t\t\t\t\t\t\t<\/div>\n\t\t\t\t<\/div>\n\t\t\t\t\t<\/div>\n\t\t<\/div>\n\t\t\t\t\t<\/div>\n\t\t<\/section>\n\t\t\t\t<section class=\"elementor-section elementor-top-section elementor-element elementor-element-93bbbd9 elementor-section-boxed elementor-section-height-default elementor-section-height-default\" data-id=\"93bbbd9\" data-element_type=\"section\">\n\t\t\t\t\t\t<div class=\"elementor-container elementor-column-gap-default\">\n\t\t\t\t\t<div class=\"elementor-column elementor-col-100 elementor-top-column elementor-element elementor-element-68ffb9fb\" data-id=\"68ffb9fb\" data-element_type=\"column\">\n\t\t\t<div class=\"elementor-widget-wrap elementor-element-populated\">\n\t\t\t\t\t\t<div class=\"elementor-element elementor-element-45973fde elementor-widget elementor-widget-spacer\" data-id=\"45973fde\" data-element_type=\"widget\" data-widget_type=\"spacer.default\">\n\t\t\t\t<div class=\"elementor-widget-container\">\n\t\t\t\t\t\t\t<div class=\"elementor-spacer\">\n\t\t\t<div class=\"elementor-spacer-inner\"><\/div>\n\t\t<\/div>\n\t\t\t\t\t\t<\/div>\n\t\t\t\t<\/div>\n\t\t\t\t\t<\/div>\n\t\t<\/div>\n\t\t\t\t\t<\/div>\n\t\t<\/section>\n\t\t\t\t<section class=\"elementor-section elementor-top-section elementor-element elementor-element-e053037 elementor-hidden-desktop elementor-hidden-tablet elementor-hidden-mobile elementor-section-boxed elementor-section-height-default elementor-section-height-default\" data-id=\"e053037\" data-element_type=\"section\" data-settings=\"{&quot;background_background&quot;:&quot;classic&quot;}\">\n\t\t\t\t\t\t<div class=\"elementor-container elementor-column-gap-custom\">\n\t\t\t\t\t<div class=\"elementor-column elementor-col-50 elementor-top-column elementor-element elementor-element-685152b6\" data-id=\"685152b6\" data-element_type=\"column\" data-settings=\"{&quot;background_background&quot;:&quot;classic&quot;}\">\n\t\t\t<div class=\"elementor-widget-wrap elementor-element-populated\">\n\t\t\t\t\t\t<div class=\"elementor-element elementor-element-70bd127d elementor-widget__width-initial elementor-widget elementor-widget-heading\" data-id=\"70bd127d\" data-element_type=\"widget\" data-widget_type=\"heading.default\">\n\t\t\t\t<div class=\"elementor-widget-container\">\n\t\t\t\t\t<h2 class=\"elementor-heading-title elementor-size-default\">Wie es funktioniert?<\/h2>\t\t\t\t<\/div>\n\t\t\t\t<\/div>\n\t\t\t\t<div class=\"elementor-element elementor-element-48d6f9a9 elementor-widget elementor-widget-spacer\" data-id=\"48d6f9a9\" data-element_type=\"widget\" data-widget_type=\"spacer.default\">\n\t\t\t\t<div class=\"elementor-widget-container\">\n\t\t\t\t\t\t\t<div class=\"elementor-spacer\">\n\t\t\t<div class=\"elementor-spacer-inner\"><\/div>\n\t\t<\/div>\n\t\t\t\t\t\t<\/div>\n\t\t\t\t<\/div>\n\t\t\t\t<div class=\"elementor-element elementor-element-148c5fdd elementor-widget__width-initial elementor-widget elementor-widget-text-editor\" data-id=\"148c5fdd\" data-element_type=\"widget\" data-widget_type=\"text-editor.default\">\n\t\t\t\t<div class=\"elementor-widget-container\">\n\t\t\t\t\t\t\t\t\t<ol><li><strong>Registrieren Sie sich zun\u00e4chst f\u00fcr die FMB:<\/strong>\u00a0Sobald die App aktiviert ist, erhalten Sie eine E-Mail, mit der Sie Ihr Konto in der App erstellen k\u00f6nnen.<\/li><li><strong>Richten Sie Ihr Profil ein:<\/strong>\u00a0Erz\u00e4hlen Sie uns von Ihren Interessen, Ihrer Unternehmenst\u00e4tigkeit und was Sie w\u00e4hrend der Veranstaltung suchen.<\/li><li><strong>Beginnen Sie, Leute zu treffen:<\/strong>\u00a0Entdecken Sie Empfehlungen, kn\u00fcpfen Sie Kontakte zu anderen Fachleuten und planen Sie einige Treffen auf der Messe.<\/li><li><strong>Machen Sie das Beste aus Ihrem Messebesuch:<\/strong>\u00a0Mit Ihrem pers\u00f6nlichen Zeitplan k\u00f6nnen Sie sich darauf konzentrieren, neue Kontakte zu kn\u00fcpfen und wertvolle Erkenntnisse zu gewinnen.<\/li><\/ol>\t\t\t\t\t\t\t\t<\/div>\n\t\t\t\t<\/div>\n\t\t\t\t<div class=\"elementor-element elementor-element-3a8ca4d elementor-widget elementor-widget-spacer\" data-id=\"3a8ca4d\" data-element_type=\"widget\" data-widget_type=\"spacer.default\">\n\t\t\t\t<div class=\"elementor-widget-container\">\n\t\t\t\t\t\t\t<div class=\"elementor-spacer\">\n\t\t\t<div class=\"elementor-spacer-inner\"><\/div>\n\t\t<\/div>\n\t\t\t\t\t\t<\/div>\n\t\t\t\t<\/div>\n\t\t\t\t<div class=\"elementor-element elementor-element-70e5776c elementor-widget elementor-widget-spacer\" data-id=\"70e5776c\" data-element_type=\"widget\" data-widget_type=\"spacer.default\">\n\t\t\t\t<div class=\"elementor-widget-container\">\n\t\t\t\t\t\t\t<div class=\"elementor-spacer\">\n\t\t\t<div class=\"elementor-spacer-inner\"><\/div>\n\t\t<\/div>\n\t\t\t\t\t\t<\/div>\n\t\t\t\t<\/div>\n\t\t\t\t\t<\/div>\n\t\t<\/div>\n\t\t\t\t<div class=\"elementor-column elementor-col-50 elementor-top-column elementor-element elementor-element-132ce531 elementor-hidden-desktop elementor-hidden-tablet elementor-hidden-mobile\" data-id=\"132ce531\" data-element_type=\"column\">\n\t\t\t<div class=\"elementor-widget-wrap elementor-element-populated\">\n\t\t\t\t\t\t<div class=\"elementor-element elementor-element-7bbc7c47 elementor-widget elementor-widget-image\" data-id=\"7bbc7c47\" data-element_type=\"widget\" data-widget_type=\"image.default\">\n\t\t\t\t<div class=\"elementor-widget-container\">\n\t\t\t\t\t\t\t\t\t\t\t\t\t\t\t<img decoding=\"async\" width=\"300\" height=\"300\" src=\"https:\/\/easyfairsassets.com\/sites\/248\/2024\/09\/FMB2024_GRIP_QR_scan-for-app.png\" class=\"attachment-large size-large wp-image-105416\" alt=\"\" srcset=\"https:\/\/easyfairsassets.com\/sites\/248\/2024\/09\/FMB2024_GRIP_QR_scan-for-app.png 300w, https:\/\/easyfairsassets.com\/sites\/248\/2024\/09\/FMB2024_GRIP_QR_scan-for-app-150x150.png 150w\" sizes=\"(max-width: 300px) 100vw, 300px\" \/>\t\t\t\t\t\t\t\t\t\t\t\t\t\t\t<\/div>\n\t\t\t\t<\/div>\n\t\t\t\t\t<\/div>\n\t\t<\/div>\n\t\t\t\t\t<\/div>\n\t\t<\/section>\n\t\t\t\t<section class=\"elementor-section elementor-top-section elementor-element elementor-element-4576069 elementor-section-boxed elementor-section-height-default elementor-section-height-default\" data-id=\"4576069\" data-element_type=\"section\" data-settings=\"{&quot;background_background&quot;:&quot;classic&quot;}\">\n\t\t\t\t\t\t<div class=\"elementor-container elementor-column-gap-custom\">\n\t\t\t\t\t<div class=\"elementor-column elementor-col-50 elementor-top-column elementor-element elementor-element-997bb07\" data-id=\"997bb07\" data-element_type=\"column\" data-settings=\"{&quot;background_background&quot;:&quot;classic&quot;}\">\n\t\t\t<div class=\"elementor-widget-wrap elementor-element-populated\">\n\t\t\t\t\t\t<div class=\"elementor-element elementor-element-9f87828 elementor-widget__width-initial elementor-widget elementor-widget-heading\" data-id=\"9f87828\" data-element_type=\"widget\" data-widget_type=\"heading.default\">\n\t\t\t\t<div class=\"elementor-widget-container\">\n\t\t\t\t\t<h2 class=\"elementor-heading-title elementor-size-default\">Wie es funktioniert?<\/h2>\t\t\t\t<\/div>\n\t\t\t\t<\/div>\n\t\t\t\t<div class=\"elementor-element elementor-element-f41ab5e elementor-widget elementor-widget-spacer\" data-id=\"f41ab5e\" data-element_type=\"widget\" data-widget_type=\"spacer.default\">\n\t\t\t\t<div class=\"elementor-widget-container\">\n\t\t\t\t\t\t\t<div class=\"elementor-spacer\">\n\t\t\t<div class=\"elementor-spacer-inner\"><\/div>\n\t\t<\/div>\n\t\t\t\t\t\t<\/div>\n\t\t\t\t<\/div>\n\t\t\t\t<div class=\"elementor-element elementor-element-5560ae7 elementor-widget__width-initial elementor-widget elementor-widget-text-editor\" data-id=\"5560ae7\" data-element_type=\"widget\" data-widget_type=\"text-editor.default\">\n\t\t\t\t<div class=\"elementor-widget-container\">\n\t\t\t\t\t\t\t\t\t<ol><li><strong>Registrieren Sie sich zun\u00e4chst f\u00fcr die FMB:<\/strong>\u00a0Nach der Registrierung erhalten Sie eine E-Mail, mit der Sie Ihr Konto in der App erstellen k\u00f6nnen.<\/li><li><strong>Laden Sie die App herunter:<\/strong>\u00a0Laden Sie die App\u00a0hier\u00fcber\u00a0auf Ihr Smartphone oder scannen Sie nebenstehenden QR-Code direkt mit Ihrem Smartphone.\u00a0Alternativ k\u00f6nnen Sie auch die\u00a0Web-App\u00a0auf Ihrem Desktop nutzen.<\/li><li><strong>Richten Sie Ihr Profil ein:<\/strong>\u00a0Erz\u00e4hlen Sie uns von Ihren Interessen, Ihrer Unternehmenst\u00e4tigkeit und was Sie w\u00e4hrend der Veranstaltung suchen.<\/li><li><strong>Beginnen Sie, Leute zu treffen:<\/strong>\u00a0Entdecken Sie Empfehlungen, kn\u00fcpfen Sie Kontakte zu anderen Fachleuten und planen Sie einige Treffen auf der Messe.<\/li><li><strong>Machen Sie das Beste aus Ihrem Messebesuch:<\/strong>\u00a0Mit Ihrem pers\u00f6nlichen Zeitplan k\u00f6nnen Sie sich darauf konzentrieren, neue Kontakte zu kn\u00fcpfen und wertvolle Erkenntnisse zu gewinnen.<\/li><\/ol>\t\t\t\t\t\t\t\t<\/div>\n\t\t\t\t<\/div>\n\t\t\t\t<div class=\"elementor-element elementor-element-819efa4 elementor-widget elementor-widget-spacer\" data-id=\"819efa4\" data-element_type=\"widget\" data-widget_type=\"spacer.default\">\n\t\t\t\t<div class=\"elementor-widget-container\">\n\t\t\t\t\t\t\t<div class=\"elementor-spacer\">\n\t\t\t<div class=\"elementor-spacer-inner\"><\/div>\n\t\t<\/div>\n\t\t\t\t\t\t<\/div>\n\t\t\t\t<\/div>\n\t\t\t\t<div class=\"elementor-element elementor-element-e682a46 elementor-widget elementor-widget-spacer\" data-id=\"e682a46\" data-element_type=\"widget\" data-widget_type=\"spacer.default\">\n\t\t\t\t<div class=\"elementor-widget-container\">\n\t\t\t\t\t\t\t<div class=\"elementor-spacer\">\n\t\t\t<div class=\"elementor-spacer-inner\"><\/div>\n\t\t<\/div>\n\t\t\t\t\t\t<\/div>\n\t\t\t\t<\/div>\n\t\t\t\t\t<\/div>\n\t\t<\/div>\n\t\t\t\t<div class=\"elementor-column elementor-col-50 elementor-top-column elementor-element elementor-element-07deb6c\" data-id=\"07deb6c\" data-element_type=\"column\">\n\t\t\t<div class=\"elementor-widget-wrap elementor-element-populated\">\n\t\t\t\t\t\t<div class=\"elementor-element elementor-element-7514772 elementor-hidden-desktop elementor-hidden-tablet elementor-hidden-mobile elementor-widget elementor-widget-image\" data-id=\"7514772\" data-element_type=\"widget\" data-widget_type=\"image.default\">\n\t\t\t\t<div class=\"elementor-widget-container\">\n\t\t\t\t\t\t\t\t\t\t\t\t\t\t\t<img decoding=\"async\" width=\"300\" height=\"300\" src=\"https:\/\/easyfairsassets.com\/sites\/248\/2024\/09\/FMB2024_GRIP_QR_scan-for-app.png\" class=\"attachment-large size-large wp-image-105416\" alt=\"\" srcset=\"https:\/\/easyfairsassets.com\/sites\/248\/2024\/09\/FMB2024_GRIP_QR_scan-for-app.png 300w, https:\/\/easyfairsassets.com\/sites\/248\/2024\/09\/FMB2024_GRIP_QR_scan-for-app-150x150.png 150w\" sizes=\"(max-width: 300px) 100vw, 300px\" \/>\t\t\t\t\t\t\t\t\t\t\t\t\t\t\t<\/div>\n\t\t\t\t<\/div>\n\t\t\t\t\t<\/div>\n\t\t<\/div>\n\t\t\t\t\t<\/div>\n\t\t<\/section>\n\t\t\t\t<\/div>\n\t\t","protected":false},"excerpt":{"rendered":"<p>DIE FMB MESSE-APP Optimales Messeerlebnis mit der neuen Messe-App Auf einen Blick Ihre Vorteile mit der App Wir freuen uns, Ihnen unsere neue Messe-App und ihre zahlreichen Funktionen vorzustellen, die Ihr Erlebnis als Besucher vor, w\u00e4hrend und nach der Veranstaltung verbessern werden! Diese App ist mehr als nur ein Planungstool, sie wird zu Ihrem pers\u00f6nlichen [&hellip;]<\/p>\n","protected":false},"author":64,"featured_media":0,"parent":0,"menu_order":0,"comment_status":"closed","ping_status":"closed","template":"","meta":{"_seopress_robots_primary_cat":"","_seopress_titles_title":"FMB Messe App","_seopress_titles_desc":"Kn\u00fcpfen Sie m\u00fchelos Kontakte zu den f\u00fcr Sie relevanten Ausstellern, Referenten und Besuchern. Sehen Sie sich den Messeplan und das Programm an und optimieren Sie so Ihren Messebesuch!","_seopress_robots_index":"","footnotes":""},"class_list":["post-96521","page","type-page","status-publish","hentry"],"_links":{"self":[{"href":"https:\/\/www.fmb-messe.de\/de\/wp-json\/wp\/v2\/pages\/96521","targetHints":{"allow":["GET"]}}],"collection":[{"href":"https:\/\/www.fmb-messe.de\/de\/wp-json\/wp\/v2\/pages"}],"about":[{"href":"https:\/\/www.fmb-messe.de\/de\/wp-json\/wp\/v2\/types\/page"}],"author":[{"embeddable":true,"href":"https:\/\/www.fmb-messe.de\/de\/wp-json\/wp\/v2\/users\/64"}],"replies":[{"embeddable":true,"href":"https:\/\/www.fmb-messe.de\/de\/wp-json\/wp\/v2\/comments?post=96521"}],"version-history":[{"count":5,"href":"https:\/\/www.fmb-messe.de\/de\/wp-json\/wp\/v2\/pages\/96521\/revisions"}],"predecessor-version":[{"id":118570,"href":"https:\/\/www.fmb-messe.de\/de\/wp-json\/wp\/v2\/pages\/96521\/revisions\/118570"}],"wp:attachment":[{"href":"https:\/\/www.fmb-messe.de\/de\/wp-json\/wp\/v2\/media?parent=96521"}],"curies":[{"name":"wp","href":"https:\/\/api.w.org\/{rel}","templated":true}]}}