{"id":701,"date":"2020-04-23T12:20:06","date_gmt":"2020-04-23T10:20:06","guid":{"rendered":"https:\/\/www.fmb-messe.de\/?page_id=701"},"modified":"2025-11-07T19:00:08","modified_gmt":"2025-11-07T18:00:08","slug":"standpakete-leistungen","status":"publish","type":"page","link":"https:\/\/www.fmb-messe.de\/de\/standpakete-leistungen\/","title":{"rendered":"Standpakete &amp; Leistungen"},"content":{"rendered":"\t\t<div data-elementor-type=\"wp-page\" data-elementor-id=\"701\" class=\"elementor elementor-701\" data-elementor-post-type=\"page\">\n\t\t\t\t\t\t<section class=\"elementor-section elementor-top-section elementor-element elementor-element-57ef378 elementor-section-height-min-height elementor-section-boxed elementor-section-height-default elementor-section-items-middle\" data-id=\"57ef378\" data-element_type=\"section\" data-settings=\"{&quot;background_background&quot;:&quot;classic&quot;}\">\n\t\t\t\t\t\t\t<div class=\"elementor-background-overlay\"><\/div>\n\t\t\t\t\t\t\t<div class=\"elementor-container elementor-column-gap-wide\">\n\t\t\t\t\t<div class=\"elementor-column elementor-col-100 elementor-top-column elementor-element elementor-element-724c176\" data-id=\"724c176\" data-element_type=\"column\">\n\t\t\t<div class=\"elementor-widget-wrap elementor-element-populated\">\n\t\t\t\t\t\t<div class=\"elementor-element elementor-element-1f21e67 elementor-widget elementor-widget-heading\" data-id=\"1f21e67\" data-element_type=\"widget\" data-widget_type=\"heading.default\">\n\t\t\t\t<div class=\"elementor-widget-container\">\n\t\t\t\t\t<h1 class=\"elementor-heading-title elementor-size-default\">Leistungen <\/h1>\t\t\t\t<\/div>\n\t\t\t\t<\/div>\n\t\t\t\t<div class=\"elementor-element elementor-element-317224b elementor-widget elementor-widget-heading\" data-id=\"317224b\" data-element_type=\"widget\" data-widget_type=\"heading.default\">\n\t\t\t\t<div class=\"elementor-widget-container\">\n\t\t\t\t\t<h2 class=\"elementor-heading-title elementor-size-default\">Informationen zu Ihren Vorteilen<\/h2>\t\t\t\t<\/div>\n\t\t\t\t<\/div>\n\t\t\t\t\t<\/div>\n\t\t<\/div>\n\t\t\t\t\t<\/div>\n\t\t<\/section>\n\t\t\t\t<section class=\"elementor-section elementor-top-section elementor-element elementor-element-acbcc89 elementor-section-content-middle elementor-section-boxed elementor-section-height-default elementor-section-height-default\" data-id=\"acbcc89\" data-element_type=\"section\">\n\t\t\t\t\t\t<div class=\"elementor-container elementor-column-gap-default\">\n\t\t\t\t\t<div class=\"elementor-column elementor-col-100 elementor-top-column elementor-element elementor-element-fd2c12d\" data-id=\"fd2c12d\" data-element_type=\"column\">\n\t\t\t<div class=\"elementor-widget-wrap elementor-element-populated\">\n\t\t\t\t\t\t<div class=\"elementor-element elementor-element-92c5f15 elementor-widget elementor-widget-spacer\" data-id=\"92c5f15\" data-element_type=\"widget\" data-widget_type=\"spacer.default\">\n\t\t\t\t<div class=\"elementor-widget-container\">\n\t\t\t\t\t\t\t<div class=\"elementor-spacer\">\n\t\t\t<div class=\"elementor-spacer-inner\"><\/div>\n\t\t<\/div>\n\t\t\t\t\t\t<\/div>\n\t\t\t\t<\/div>\n\t\t\t\t<div class=\"elementor-element elementor-element-fe5f6b2 elementor-widget elementor-widget-heading\" data-id=\"fe5f6b2\" data-element_type=\"widget\" data-widget_type=\"heading.default\">\n\t\t\t\t<div class=\"elementor-widget-container\">\n\t\t\t\t\t<h3 class=\"elementor-heading-title elementor-size-default\">All-in Standbaupaket<\/h3>\t\t\t\t<\/div>\n\t\t\t\t<\/div>\n\t\t\t\t<div class=\"elementor-element elementor-element-aa36059 elementor-widget elementor-widget-text-editor\" data-id=\"aa36059\" data-element_type=\"widget\" data-widget_type=\"text-editor.default\">\n\t\t\t\t<div class=\"elementor-widget-container\">\n\t\t\t\t\t\t\t\t\t<p>Konzentrieren Sie sich auf das eigentliche Gesch\u00e4ft \u2013 den Rest \u00fcbernehmen wir. Unser All-in Paket erspart Ihnen als Aussteller aufw\u00e4ndige Messevorbereitungen.<\/p>\t\t\t\t\t\t\t\t<\/div>\n\t\t\t\t<\/div>\n\t\t\t\t<div class=\"elementor-element elementor-element-9386792 elementor-widget elementor-widget-text-editor\" data-id=\"9386792\" data-element_type=\"widget\" data-widget_type=\"text-editor.default\">\n\t\t\t\t<div class=\"elementor-widget-container\">\n\t\t\t\t\t\t\t\t\t<div class=\"ce-bodytext\"><div class=\"ce-textpic ce-center ce-above\"><div class=\"ce-bodytext\"><p><strong>In Ihrem All-in Paket enthalten<\/strong><\/p><\/div><ul><li>Ausstellungsfl\u00e4che inkl. Teppichboden, Wandsystem,<br \/>Logo-Bedruckung auf W\u00fcrfelfl\u00e4che, Mietm\u00f6belauswahl,<br \/>justierbares Lichtsystem \u00fcber Auslegestrahler, Standard<br \/>Energieversorgung (1x 230V), WLAN Hot Spots<\/li><li>Catering inkl. Speisen und Getr\u00e4nke w\u00e4hrend der<br \/>Messelaufzeit<\/li><li>Werbematerial f\u00fcr Ihre Kundenansprache<\/li><li>F\u00fcr Besucher kostenfrei: Parken, Eintritt, Fachvortr\u00e4ge,<br \/>Snacks &amp; Getr\u00e4nke, Smart Badge Technologie<br \/>\u201eTouch &amp; Collect\u201c und Messe-App<\/li><\/ul><\/div><\/div>\t\t\t\t\t\t\t\t<\/div>\n\t\t\t\t<\/div>\n\t\t\t\t<div class=\"elementor-element elementor-element-44570a9 elementor-align-left elementor-widget elementor-widget-button\" data-id=\"44570a9\" data-element_type=\"widget\" data-widget_type=\"button.default\">\n\t\t\t\t<div class=\"elementor-widget-container\">\n\t\t\t\t\t\t\t\t\t<div class=\"elementor-button-wrapper\">\n\t\t\t\t\t<a class=\"elementor-button elementor-button-link elementor-size-sm\" href=\"https:\/\/www.fmb-messe.de\/de\/anmeldung\/\">\n\t\t\t\t\t\t<span class=\"elementor-button-content-wrapper\">\n\t\t\t\t\t\t\t\t\t<span class=\"elementor-button-text\">Jetzt anmelden<\/span>\n\t\t\t\t\t<\/span>\n\t\t\t\t\t<\/a>\n\t\t\t\t<\/div>\n\t\t\t\t\t\t\t\t<\/div>\n\t\t\t\t<\/div>\n\t\t\t\t\t<\/div>\n\t\t<\/div>\n\t\t\t\t\t<\/div>\n\t\t<\/section>\n\t\t\t\t<section class=\"elementor-section elementor-top-section elementor-element elementor-element-b98e50d elementor-section-content-middle elementor-section-boxed elementor-section-height-default elementor-section-height-default\" data-id=\"b98e50d\" data-element_type=\"section\">\n\t\t\t\t\t\t<div class=\"elementor-container elementor-column-gap-default\">\n\t\t\t\t\t<div class=\"elementor-column elementor-col-100 elementor-top-column elementor-element elementor-element-2cda67c\" data-id=\"2cda67c\" data-element_type=\"column\">\n\t\t\t<div class=\"elementor-widget-wrap elementor-element-populated\">\n\t\t\t\t\t\t<div class=\"elementor-element elementor-element-0717607 elementor-widget elementor-widget-spacer\" data-id=\"0717607\" data-element_type=\"widget\" data-widget_type=\"spacer.default\">\n\t\t\t\t<div class=\"elementor-widget-container\">\n\t\t\t\t\t\t\t<div class=\"elementor-spacer\">\n\t\t\t<div class=\"elementor-spacer-inner\"><\/div>\n\t\t<\/div>\n\t\t\t\t\t\t<\/div>\n\t\t\t\t<\/div>\n\t\t\t\t<div class=\"elementor-element elementor-element-efe2269 elementor-widget elementor-widget-heading\" data-id=\"efe2269\" data-element_type=\"widget\" data-widget_type=\"heading.default\">\n\t\t\t\t<div class=\"elementor-widget-container\">\n\t\t\t\t\t<h3 class=\"elementor-heading-title elementor-size-default\">Ihre Werbem\u00f6glichkeiten auf der FMB<\/h3>\t\t\t\t<\/div>\n\t\t\t\t<\/div>\n\t\t\t\t<div class=\"elementor-element elementor-element-a093917 elementor-widget elementor-widget-heading\" data-id=\"a093917\" data-element_type=\"widget\" data-widget_type=\"heading.default\">\n\t\t\t\t<div class=\"elementor-widget-container\">\n\t\t\t\t\t<h4 class=\"elementor-heading-title elementor-size-default\">Sponsoring<\/h4>\t\t\t\t<\/div>\n\t\t\t\t<\/div>\n\t\t\t\t<div class=\"elementor-element elementor-element-e6c6d04 elementor-widget elementor-widget-text-editor\" data-id=\"e6c6d04\" data-element_type=\"widget\" data-widget_type=\"text-editor.default\">\n\t\t\t\t<div class=\"elementor-widget-container\">\n\t\t\t\t\t\t\t\t\t<div class=\"ce-bodytext\"><div class=\"ce-textpic ce-center ce-above\"><div class=\"ce-bodytext\"><p>Erh\u00f6hen Sie die Aufmerksamkeit Ihres Messeauftritts und nutzen Sie die wirkungsvollen Sponsoringm\u00f6glichkeiten auf der FMB. Zu den buchbaren Werbem\u00f6glichkeiten z\u00e4hlen u.a. Logoplatzierungen auf Hallenpl\u00e4nen, Werbung auf der Website und unterschiedliche Pr\u00e4sentationsm\u00f6glichkeiten in den Bistrobereichen.<br \/>Interesse geweckt? Dann informieren Sie sich \u00fcber Ihre Werbem\u00f6glichkeiten zur FMB!\u00a0<\/p><p>Unser Tipp: Damit Sie Ihre gew\u00fcnschte Werbung frei ausw\u00e4hlen k\u00f6nnen, empfehlen wir eine fr\u00fchzeitige Buchung. Sprechen Sie uns an.<\/p><\/div><\/div><\/div>\t\t\t\t\t\t\t\t<\/div>\n\t\t\t\t<\/div>\n\t\t\t\t<div class=\"elementor-element elementor-element-b7d9191 elementor-widget elementor-widget-heading\" data-id=\"b7d9191\" data-element_type=\"widget\" data-widget_type=\"heading.default\">\n\t\t\t\t<div class=\"elementor-widget-container\">\n\t\t\t\t\t<h4 class=\"elementor-heading-title elementor-size-default\">Vortragsprogramm<\/h4>\t\t\t\t<\/div>\n\t\t\t\t<\/div>\n\t\t\t\t<div class=\"elementor-element elementor-element-f441acd elementor-widget elementor-widget-text-editor\" data-id=\"f441acd\" data-element_type=\"widget\" data-widget_type=\"text-editor.default\">\n\t\t\t\t<div class=\"elementor-widget-container\">\n\t\t\t\t\t\t\t\t\t<div class=\"ce-bodytext\"><div class=\"ce-textpic ce-center ce-above\"><div class=\"ce-bodytext\"><p>Im Rahmen der FMB Messe haben Sie als Aussteller exklusiv die M\u00f6glichkeit, mit einem branchenbezogenen Vortrag auf Ihr Produkt oder Dienstleitung zus\u00e4tzlich aufmerksam zu machen. Das FMB Vortragsprogramm findet an den ersten beiden Messetagen statt und ist in unterschiedliche Themenbl\u00f6cke unterteilt. Vielleicht ist genau Ihr Thema dabei! Alle Informationen zu den Themen und Leistungen finden Sie in der Anmeldung, die wir Ihnen separat per Mail zusenden.<\/p><\/div><\/div><\/div>\t\t\t\t\t\t\t\t<\/div>\n\t\t\t\t<\/div>\n\t\t\t\t<div class=\"elementor-element elementor-element-eb8cdfe elementor-widget elementor-widget-heading\" data-id=\"eb8cdfe\" data-element_type=\"widget\" data-widget_type=\"heading.default\">\n\t\t\t\t<div class=\"elementor-widget-container\">\n\t\t\t\t\t<h4 class=\"elementor-heading-title elementor-size-default\">Kostenlose Werbemittel<\/h4>\t\t\t\t<\/div>\n\t\t\t\t<\/div>\n\t\t\t\t<div class=\"elementor-element elementor-element-ec8afbf elementor-widget elementor-widget-text-editor\" data-id=\"ec8afbf\" data-element_type=\"widget\" data-widget_type=\"text-editor.default\">\n\t\t\t\t<div class=\"elementor-widget-container\">\n\t\t\t\t\t\t\t\t\t<div class=\"ce-bodytext\"><div class=\"ce-textpic ce-center ce-above\"><div class=\"ce-bodytext\"><p>Zur Bewerbung Ihres Messeauftritts erhalten Sie auf Wunsch kostenlose personalisierte Einladungskarten, die Sie ganz einfach \u00fcber Ihren My Easyfairs-Login bestellen k\u00f6nnen. Die Einladungskarten k\u00f6nnen Sie auch digital herunterladen. Zudem erhalten Sie Zugang zu einem Bannergenerator, \u00fcber den Sie personalisierte Online-Banner f\u00fcr z.B. Ihre E-Mail-Signatur oder die Fimen-Website erstellen k\u00f6nnen.<\/p><\/div><\/div><\/div>\t\t\t\t\t\t\t\t<\/div>\n\t\t\t\t<\/div>\n\t\t\t\t<div class=\"elementor-element elementor-element-588d48b elementor-widget elementor-widget-heading\" data-id=\"588d48b\" data-element_type=\"widget\" data-widget_type=\"heading.default\">\n\t\t\t\t<div class=\"elementor-widget-container\">\n\t\t\t\t\t<h4 class=\"elementor-heading-title elementor-size-default\">EasyGo<\/h4>\t\t\t\t<\/div>\n\t\t\t\t<\/div>\n\t\t\t\t<div class=\"elementor-element elementor-element-fa89a74 elementor-widget elementor-widget-text-editor\" data-id=\"fa89a74\" data-element_type=\"widget\" data-widget_type=\"text-editor.default\">\n\t\t\t\t<div class=\"elementor-widget-container\">\n\t\t\t\t\t\t\t\t\t<p>EasyGo ist ein Servicepaket, das allen unseren Ausstellern angeboten wird. Es enth\u00e4lt neue Funktionen, die auf den aktuellsten Entwicklungen digitaler Marketing-Technologien basieren. <br \/>Mehr Informationen erhalten Sie <a href=\"https:\/\/www.fmb-messe.de\/de\/easygo\/\">hier<\/a>.<\/p>\t\t\t\t\t\t\t\t<\/div>\n\t\t\t\t<\/div>\n\t\t\t\t<div class=\"elementor-element elementor-element-76794c8 elementor-widget elementor-widget-heading\" data-id=\"76794c8\" data-element_type=\"widget\" data-widget_type=\"heading.default\">\n\t\t\t\t<div class=\"elementor-widget-container\">\n\t\t\t\t\t<h4 class=\"elementor-heading-title elementor-size-default\">Smart Badge<\/h4>\t\t\t\t<\/div>\n\t\t\t\t<\/div>\n\t\t\t\t<div class=\"elementor-element elementor-element-6c5fdfa elementor-widget elementor-widget-text-editor\" data-id=\"6c5fdfa\" data-element_type=\"widget\" data-widget_type=\"text-editor.default\">\n\t\t\t\t<div class=\"elementor-widget-container\">\n\t\t\t\t\t\t\t\t\t<p>Als Teil Ihres\u00a0<a class=\"external-link-new-window\" title=\"EasyGo\" href=\"http:\/\/www.easyfairs.com\/easygo\/?utm_source=showwebsite&amp;utm_medium=banner&amp;utm_content=easygowebsite&amp;utm_campaign=easygo\" target=\"_blank\" rel=\"noopener\">EasyGo<\/a>\u00a0Paketes, erhalten alle Aussteller ein NFC-Leseger\u00e4t, um den Gesamteindruck f\u00fcr Besucher zu steigern. Das drahtlose Leseger\u00e4t an Ihrem Stand \u00fcbertr\u00e4gt Ihre Produkt- und Firmeninformationen, die Sie in Ihrem\u00a0<a class=\"external-link-new-window\" title=\"My Easyfairs\" href=\"http:\/\/www.easyfairs.com\/my\/\" target=\"_blank\" rel=\"noopener\">My Easyfairs<\/a>\u00a0Account hochgeladen haben, digital an die Besucher.<br \/>Mehr Informationen erhalten Sie <a href=\"https:\/\/www.fmb-messe.de\/de\/smart-badge-aus\/\">hier<\/a>.<\/p>\t\t\t\t\t\t\t\t<\/div>\n\t\t\t\t<\/div>\n\t\t\t\t\t<\/div>\n\t\t<\/div>\n\t\t\t\t\t<\/div>\n\t\t<\/section>\n\t\t\t\t<section class=\"elementor-section elementor-top-section elementor-element elementor-element-0a64937 elementor-section-boxed elementor-section-height-default elementor-section-height-default\" data-id=\"0a64937\" data-element_type=\"section\">\n\t\t\t\t\t\t<div class=\"elementor-container elementor-column-gap-default\">\n\t\t\t\t\t<div class=\"elementor-column elementor-col-50 elementor-top-column elementor-element elementor-element-62a6bb8\" data-id=\"62a6bb8\" data-element_type=\"column\" data-settings=\"{&quot;background_background&quot;:&quot;classic&quot;,&quot;motion_fx_motion_fx_scrolling&quot;:&quot;yes&quot;,&quot;motion_fx_translateX_effect&quot;:&quot;yes&quot;,&quot;motion_fx_translateX_direction&quot;:&quot;negative&quot;,&quot;motion_fx_translateX_speed&quot;:{&quot;unit&quot;:&quot;px&quot;,&quot;size&quot;:&quot;10&quot;,&quot;sizes&quot;:[]},&quot;motion_fx_translateX_affectedRange&quot;:{&quot;unit&quot;:&quot;%&quot;,&quot;size&quot;:&quot;&quot;,&quot;sizes&quot;:{&quot;start&quot;:&quot;0&quot;,&quot;end&quot;:&quot;50&quot;}},&quot;motion_fx_devices&quot;:[&quot;desktop&quot;,&quot;tablet&quot;,&quot;mobile&quot;]}\">\n\t\t\t<div class=\"elementor-widget-wrap elementor-element-populated\">\n\t\t\t\t\t\t<div class=\"elementor-element elementor-element-158b687 elementor-widget elementor-widget-heading\" data-id=\"158b687\" data-element_type=\"widget\" data-widget_type=\"heading.default\">\n\t\t\t\t<div class=\"elementor-widget-container\">\n\t\t\t\t\t<h2 class=\"elementor-heading-title elementor-size-default\">Kontakt<\/h2>\t\t\t\t<\/div>\n\t\t\t\t<\/div>\n\t\t\t\t\t<\/div>\n\t\t<\/div>\n\t\t\t\t<div class=\"elementor-column elementor-col-50 elementor-top-column elementor-element elementor-element-ffac86d\" data-id=\"ffac86d\" data-element_type=\"column\">\n\t\t\t<div class=\"elementor-widget-wrap elementor-element-populated\">\n\t\t\t\t\t\t<div class=\"elementor-element elementor-element-b04a081 elementor-widget elementor-widget-text-editor\" data-id=\"b04a081\" data-element_type=\"widget\" data-widget_type=\"text-editor.default\">\n\t\t\t\t<div class=\"elementor-widget-container\">\n\t\t\t\t\t\t\t\t\tBei Fragen helfen wir Ihnen gerne weiter!\t\t\t\t\t\t\t\t<\/div>\n\t\t\t\t<\/div>\n\t\t\t\t<section class=\"elementor-section elementor-inner-section elementor-element elementor-element-03fe184 elementor-section-content-middle elementor-section-boxed elementor-section-height-default elementor-section-height-default\" data-id=\"03fe184\" data-element_type=\"section\">\n\t\t\t\t\t\t<div class=\"elementor-container elementor-column-gap-default\">\n\t\t\t\t\t<div class=\"elementor-column elementor-col-50 elementor-inner-column elementor-element elementor-element-6287968\" data-id=\"6287968\" data-element_type=\"column\">\n\t\t\t<div class=\"elementor-widget-wrap elementor-element-populated\">\n\t\t\t\t\t\t<div class=\"elementor-element elementor-element-78f9402 elementor-view-default elementor-widget elementor-widget-icon\" data-id=\"78f9402\" data-element_type=\"widget\" data-widget_type=\"icon.default\">\n\t\t\t\t<div class=\"elementor-widget-container\">\n\t\t\t\t\t\t\t<div class=\"elementor-icon-wrapper\">\n\t\t\t<div class=\"elementor-icon elementor-animation-grow\">\n\t\t\t<i aria-hidden=\"true\" class=\"fas fa-phone\"><\/i>\t\t\t<\/div>\n\t\t<\/div>\n\t\t\t\t\t\t<\/div>\n\t\t\t\t<\/div>\n\t\t\t\t\t<\/div>\n\t\t<\/div>\n\t\t\t\t<div class=\"elementor-column elementor-col-50 elementor-inner-column elementor-element elementor-element-d2fd5e2\" data-id=\"d2fd5e2\" data-element_type=\"column\">\n\t\t\t<div class=\"elementor-widget-wrap elementor-element-populated\">\n\t\t\t\t\t\t<div class=\"elementor-element elementor-element-727b8c2 elementor-widget elementor-widget-text-editor\" data-id=\"727b8c2\" data-element_type=\"widget\" data-widget_type=\"text-editor.default\">\n\t\t\t\t<div class=\"elementor-widget-container\">\n\t\t\t\t\t\t\t\t\t+49 521 96533-66\t\t\t\t\t\t\t\t<\/div>\n\t\t\t\t<\/div>\n\t\t\t\t\t<\/div>\n\t\t<\/div>\n\t\t\t\t\t<\/div>\n\t\t<\/section>\n\t\t\t\t<section class=\"elementor-section elementor-inner-section elementor-element elementor-element-74b5caa elementor-section-content-middle elementor-section-boxed elementor-section-height-default elementor-section-height-default\" data-id=\"74b5caa\" data-element_type=\"section\">\n\t\t\t\t\t\t<div class=\"elementor-container elementor-column-gap-default\">\n\t\t\t\t\t<div class=\"elementor-column elementor-col-50 elementor-inner-column elementor-element elementor-element-d5656a8\" data-id=\"d5656a8\" data-element_type=\"column\">\n\t\t\t<div class=\"elementor-widget-wrap elementor-element-populated\">\n\t\t\t\t\t\t<div class=\"elementor-element elementor-element-376e730 elementor-view-default elementor-widget elementor-widget-icon\" data-id=\"376e730\" data-element_type=\"widget\" data-widget_type=\"icon.default\">\n\t\t\t\t<div class=\"elementor-widget-container\">\n\t\t\t\t\t\t\t<div class=\"elementor-icon-wrapper\">\n\t\t\t<div class=\"elementor-icon elementor-animation-grow\">\n\t\t\t<i aria-hidden=\"true\" class=\"fas fa-envelope\"><\/i>\t\t\t<\/div>\n\t\t<\/div>\n\t\t\t\t\t\t<\/div>\n\t\t\t\t<\/div>\n\t\t\t\t\t<\/div>\n\t\t<\/div>\n\t\t\t\t<div class=\"elementor-column elementor-col-50 elementor-inner-column elementor-element elementor-element-a17726d\" data-id=\"a17726d\" data-element_type=\"column\">\n\t\t\t<div class=\"elementor-widget-wrap elementor-element-populated\">\n\t\t\t\t\t\t<div class=\"elementor-element elementor-element-e7fe27b elementor-widget elementor-widget-text-editor\" data-id=\"e7fe27b\" data-element_type=\"widget\" data-widget_type=\"text-editor.default\">\n\t\t\t\t<div class=\"elementor-widget-container\">\n\t\t\t\t\t\t\t\t\tfmb-orga@easyfairs.com\t\t\t\t\t\t\t\t<\/div>\n\t\t\t\t<\/div>\n\t\t\t\t\t<\/div>\n\t\t<\/div>\n\t\t\t\t\t<\/div>\n\t\t<\/section>\n\t\t\t\t\t<\/div>\n\t\t<\/div>\n\t\t\t\t\t<\/div>\n\t\t<\/section>\n\t\t\t\t<\/div>\n\t\t","protected":false},"excerpt":{"rendered":"<p>Leistungen Informationen zu Ihren Vorteilen All-in Standbaupaket Konzentrieren Sie sich auf das eigentliche Gesch\u00e4ft \u2013 den Rest \u00fcbernehmen wir. Unser All-in Paket erspart Ihnen als Aussteller aufw\u00e4ndige Messevorbereitungen. In Ihrem All-in Paket enthalten Ausstellungsfl\u00e4che inkl. Teppichboden, Wandsystem,Logo-Bedruckung auf W\u00fcrfelfl\u00e4che, Mietm\u00f6belauswahl,justierbares Lichtsystem \u00fcber Auslegestrahler, StandardEnergieversorgung (1x 230V), WLAN Hot Spots Catering inkl. Speisen und Getr\u00e4nke w\u00e4hrend [&hellip;]<\/p>\n","protected":false},"author":848,"featured_media":0,"parent":0,"menu_order":0,"comment_status":"closed","ping_status":"closed","template":"","meta":{"_seopress_robots_primary_cat":"","_seopress_titles_title":"Standpakete und Leistungen zur FMB \u2013 Fachmesse f\u00fcr Maschinenbau","_seopress_titles_desc":"Erfahren Sie welche Standpakete und Leistungen Sie als Aussteller auf der FMB buchen k\u00f6nnen.","_seopress_robots_index":"","footnotes":""},"class_list":["post-701","page","type-page","status-publish","hentry"],"_links":{"self":[{"href":"https:\/\/www.fmb-messe.de\/de\/wp-json\/wp\/v2\/pages\/701","targetHints":{"allow":["GET"]}}],"collection":[{"href":"https:\/\/www.fmb-messe.de\/de\/wp-json\/wp\/v2\/pages"}],"about":[{"href":"https:\/\/www.fmb-messe.de\/de\/wp-json\/wp\/v2\/types\/page"}],"author":[{"embeddable":true,"href":"https:\/\/www.fmb-messe.de\/de\/wp-json\/wp\/v2\/users\/848"}],"replies":[{"embeddable":true,"href":"https:\/\/www.fmb-messe.de\/de\/wp-json\/wp\/v2\/comments?post=701"}],"version-history":[{"count":5,"href":"https:\/\/www.fmb-messe.de\/de\/wp-json\/wp\/v2\/pages\/701\/revisions"}],"predecessor-version":[{"id":143806,"href":"https:\/\/www.fmb-messe.de\/de\/wp-json\/wp\/v2\/pages\/701\/revisions\/143806"}],"wp:attachment":[{"href":"https:\/\/www.fmb-messe.de\/de\/wp-json\/wp\/v2\/media?parent=701"}],"curies":[{"name":"wp","href":"https:\/\/api.w.org\/{rel}","templated":true}]}}