{"id":122895,"date":"2025-06-18T17:55:19","date_gmt":"2025-06-18T15:55:19","guid":{"rendered":"https:\/\/www.fmb-messe.de\/?page_id=122895"},"modified":"2026-03-13T08:17:36","modified_gmt":"2026-03-13T07:17:36","slug":"newsletter","status":"publish","type":"page","link":"https:\/\/www.fmb-messe.de\/de\/newsletter\/","title":{"rendered":"Newsletter"},"content":{"rendered":"\t\t<div data-elementor-type=\"wp-page\" data-elementor-id=\"122895\" class=\"elementor elementor-122895\" data-elementor-post-type=\"page\">\n\t\t\t\t\t\t<section class=\"elementor-section elementor-top-section elementor-element elementor-element-04585aa elementor-section-height-min-height elementor-section-boxed elementor-section-height-default elementor-section-items-middle\" data-id=\"04585aa\" data-element_type=\"section\" data-settings=\"{&quot;background_background&quot;:&quot;classic&quot;}\">\n\t\t\t\t\t\t\t<div class=\"elementor-background-overlay\"><\/div>\n\t\t\t\t\t\t\t<div class=\"elementor-container elementor-column-gap-wide\">\n\t\t\t\t\t<div class=\"elementor-column elementor-col-100 elementor-top-column elementor-element elementor-element-2e8be91\" data-id=\"2e8be91\" data-element_type=\"column\">\n\t\t\t<div class=\"elementor-widget-wrap elementor-element-populated\">\n\t\t\t\t\t\t<div class=\"elementor-element elementor-element-f9906fa elementor-widget elementor-widget-text-editor\" data-id=\"f9906fa\" data-element_type=\"widget\" data-widget_type=\"text-editor.default\">\n\t\t\t\t<div class=\"elementor-widget-container\">\n\t\t\t\t\t\t\t\t\t<p>Werden Sie FMB Insider<\/p>\t\t\t\t\t\t\t\t<\/div>\n\t\t\t\t<\/div>\n\t\t\t\t<div class=\"elementor-element elementor-element-7ee53d5 elementor-widget elementor-widget-heading\" data-id=\"7ee53d5\" data-element_type=\"widget\" data-widget_type=\"heading.default\">\n\t\t\t\t<div class=\"elementor-widget-container\">\n\t\t\t\t\t<h1 class=\"elementor-heading-title elementor-size-xl\">Newsletter abonnieren!<\/h1>\t\t\t\t<\/div>\n\t\t\t\t<\/div>\n\t\t\t\t\t<\/div>\n\t\t<\/div>\n\t\t\t\t\t<\/div>\n\t\t<\/section>\n\t\t<div class=\"elementor-element elementor-element-765378f e-flex e-con-boxed e-con e-parent\" data-id=\"765378f\" data-element_type=\"container\">\n\t\t\t\t\t<div class=\"e-con-inner\">\n\t\t<div class=\"elementor-element elementor-element-412df71 e-con-full e-flex e-con e-child\" data-id=\"412df71\" data-element_type=\"container\">\n\t\t\t\t<div class=\"elementor-element elementor-element-45edaf7 elementor-widget__width-initial elementor-widget elementor-widget-heading\" data-id=\"45edaf7\" data-element_type=\"widget\" data-widget_type=\"heading.default\">\n\t\t\t\t<div class=\"elementor-widget-container\">\n\t\t\t\t\t<h1 class=\"elementor-heading-title elementor-size-default\"> Anmelden, informieren und vor Ort profitieren.<\/h1>\t\t\t\t<\/div>\n\t\t\t\t<\/div>\n\t\t\t\t<div class=\"elementor-element elementor-element-c62e813 elementor-widget__width-initial elementor-widget elementor-widget-text-editor\" data-id=\"c62e813\" data-element_type=\"widget\" data-widget_type=\"text-editor.default\">\n\t\t\t\t<div class=\"elementor-widget-container\">\n\t\t\t\t\t\t\t\t\tMelden Sie sich jetzt zum FMB\u2011Newsletter an. Erhalten Sie kompakte Messe\u2011Infos, Aussteller\u2011Highlights und Veranstaltungstipps direkt per E\u2011Mail, damit Sie bestens vorbereitet in Ihren Messebesuch starten.\t\t\t\t\t\t\t\t<\/div>\n\t\t\t\t<\/div>\n\t\t\t\t<\/div>\n\t\t\t\t\t<\/div>\n\t\t\t\t<\/div>\n\t\t<div class=\"elementor-element elementor-element-af121fb e-flex e-con-boxed e-con e-parent\" data-id=\"af121fb\" data-element_type=\"container\">\n\t\t\t\t\t<div class=\"e-con-inner\">\n\t\t\t\t<div class=\"elementor-element elementor-element-2eae76f elementor-button-align-center elementor-widget__width-initial elementor-widget elementor-widget-form\" data-id=\"2eae76f\" data-element_type=\"widget\" data-settings=\"{&quot;step_next_label&quot;:&quot;Next&quot;,&quot;step_previous_label&quot;:&quot;Previous&quot;,&quot;button_width&quot;:&quot;100&quot;,&quot;step_type&quot;:&quot;number_text&quot;,&quot;step_icon_shape&quot;:&quot;circle&quot;}\" data-widget_type=\"form.default\">\n\t\t\t\t<div class=\"elementor-widget-container\">\n\t\t\t\t\t\t\t<form class=\"elementor-form\" method=\"post\" name=\"Newsletter Anmeldung\" aria-label=\"Newsletter Anmeldung\">\n\t\t\t<input type=\"hidden\" name=\"post_id\" value=\"122895\"\/>\n\t\t\t<input type=\"hidden\" name=\"form_id\" value=\"2eae76f\"\/>\n\t\t\t<input type=\"hidden\" name=\"referer_title\" value=\"\" \/>\n\n\t\t\t\n\t\t\t<div class=\"elementor-form-fields-wrapper elementor-labels-above\">\n\t\t\t\t\t\t\t\t<div class=\"elementor-field-type-radio elementor-field-group elementor-column elementor-field-group-Civility elementor-col-100 elementor-field-required\">\n\t\t\t\t\t<div class=\"elementor-field-subgroup  elementor-subgroup-inline\"><span class=\"elementor-field-option\"><input type=\"radio\" value=\" M\" id=\"form-field-Civility-0\" name=\"form_fields[Civility]\" required=\"required\"> <label for=\"form-field-Civility-0\">Herr <\/label><\/span><span class=\"elementor-field-option\"><input type=\"radio\" value=\" F\" id=\"form-field-Civility-1\" name=\"form_fields[Civility]\" required=\"required\"> <label for=\"form-field-Civility-1\">Frau <\/label><\/span><\/div>\t\t\t\t<\/div>\n\t\t\t\t\t\t\t\t<div class=\"elementor-field-type-text elementor-field-group elementor-column elementor-field-group-Firstname elementor-col-50 elementor-field-required\">\n\t\t\t\t\t\t\t\t\t\t\t\t\t<input size=\"1\" type=\"text\" name=\"form_fields[Firstname]\" id=\"form-field-Firstname\" class=\"elementor-field elementor-size-sm  elementor-field-textual\" placeholder=\"VORNAME *\" required=\"required\">\n\t\t\t\t\t\t\t\t\t\t\t<\/div>\n\t\t\t\t\t\t\t\t<div class=\"elementor-field-type-text elementor-field-group elementor-column elementor-field-group-Lastname elementor-col-50 elementor-field-required\">\n\t\t\t\t\t\t\t\t\t\t\t\t\t<input size=\"1\" type=\"text\" name=\"form_fields[Lastname]\" id=\"form-field-Lastname\" class=\"elementor-field elementor-size-sm  elementor-field-textual\" placeholder=\"NACHNAME *\" required=\"required\">\n\t\t\t\t\t\t\t\t\t\t\t<\/div>\n\t\t\t\t\t\t\t\t<div class=\"elementor-field-type-email elementor-field-group elementor-column elementor-field-group-Email elementor-col-100 elementor-field-required\">\n\t\t\t\t\t\t\t\t\t\t\t\t\t<input size=\"1\" type=\"email\" name=\"form_fields[Email]\" id=\"form-field-Email\" class=\"elementor-field elementor-size-sm  elementor-field-textual\" placeholder=\"E-MAIL *\" required=\"required\">\n\t\t\t\t\t\t\t\t\t\t\t<\/div>\n\t\t\t\t\t\t\t\t<div class=\"elementor-field-type-acceptance elementor-field-group elementor-column elementor-field-group-OptIn elementor-col-100 elementor-field-required\">\n\t\t\t\t\t\t\t<div class=\"elementor-field-subgroup\">\n\t\t\t<span class=\"elementor-field-option\">\n\t\t\t\t<input type=\"checkbox\" name=\"form_fields[OptIn]\" id=\"form-field-OptIn\" class=\"elementor-field elementor-size-sm  elementor-acceptance-field\" required=\"required\">\n\t\t\t\t<label for=\"form-field-OptIn\">*Mit der \u00dcbermittlung Ihrer Daten erkl\u00e4ren Sie sich damit einverstanden, von uns Mitteilungen, einschlie\u00dflich Newsletter, zu erhalten. Sie k\u00f6nnen Ihre Einverst\u00e4ndniserkl\u00e4rung jederzeit widerrufen. Weitere Informationen in unserer Datenschutzrichtlinie.<\/label>\t\t\t<\/span>\n\t\t<\/div>\n\t\t\t\t\t\t<\/div>\n\t\t\t\t\t\t\t\t<div class=\"elementor-field-type-recaptcha_v3 elementor-field-group elementor-column elementor-field-group-field_7e08387 elementor-col-100 recaptcha_v3-bottomleft\">\n\t\t\t\t\t<div class=\"elementor-field\" id=\"form-field-field_7e08387\"><div class=\"elementor-g-recaptcha\" data-sitekey=\"6LfeSW8rAAAAAJbBs4ctpFSlO3bgSTg9ny0y04lJ\" data-type=\"v3\" data-action=\"Form\" data-badge=\"bottomleft\" data-size=\"invisible\"><\/div><\/div>\t\t\t\t<\/div>\n\t\t\t\t\t\t\t\t<div class=\"elementor-field-group elementor-column elementor-field-type-submit elementor-col-100 e-form__buttons\">\n\t\t\t\t\t<button class=\"elementor-button elementor-size-sm\" type=\"submit\">\n\t\t\t\t\t\t<span class=\"elementor-button-content-wrapper\">\n\t\t\t\t\t\t\t\t\t\t\t\t\t\t\t\t\t\t\t\t\t\t<span class=\"elementor-button-text\">Newsletter abonnieren<\/span>\n\t\t\t\t\t\t\t\t\t\t\t\t\t<\/span>\n\t\t\t\t\t<\/button>\n\t\t\t\t<\/div>\n\t\t\t<\/div>\n\t\t<\/form>\n\t\t\t\t\t\t<\/div>\n\t\t\t\t<\/div>\n\t\t\t\t\t<\/div>\n\t\t\t\t<\/div>\n\t\t\t\t<\/div>\n\t\t","protected":false},"excerpt":{"rendered":"<p>Werden Sie FMB Insider Newsletter abonnieren! Anmelden, informieren und vor Ort profitieren. Melden Sie sich jetzt zum FMB\u2011Newsletter an. Erhalten Sie kompakte Messe\u2011Infos, Aussteller\u2011Highlights und Veranstaltungstipps direkt per E\u2011Mail, damit Sie bestens vorbereitet in Ihren Messebesuch starten.<\/p>\n","protected":false},"author":1416,"featured_media":0,"parent":0,"menu_order":0,"comment_status":"closed","ping_status":"closed","template":"","meta":{"_seopress_robots_primary_cat":"","_seopress_titles_title":"FMB Newsletter \u2013 Maschinenbau-Trends & Messe-News","_seopress_titles_desc":"Jetzt f\u00fcr den FMB Newsletter anmelden und regelm\u00e4\u00dfig Updates zu Maschinenbau-Trends, Aussteller-Highlights, Programm und wichtigen Messeterminen erhalten.","_seopress_robots_index":"","footnotes":""},"class_list":["post-122895","page","type-page","status-publish","hentry"],"_links":{"self":[{"href":"https:\/\/www.fmb-messe.de\/de\/wp-json\/wp\/v2\/pages\/122895","targetHints":{"allow":["GET"]}}],"collection":[{"href":"https:\/\/www.fmb-messe.de\/de\/wp-json\/wp\/v2\/pages"}],"about":[{"href":"https:\/\/www.fmb-messe.de\/de\/wp-json\/wp\/v2\/types\/page"}],"author":[{"embeddable":true,"href":"https:\/\/www.fmb-messe.de\/de\/wp-json\/wp\/v2\/users\/1416"}],"replies":[{"embeddable":true,"href":"https:\/\/www.fmb-messe.de\/de\/wp-json\/wp\/v2\/comments?post=122895"}],"version-history":[{"count":5,"href":"https:\/\/www.fmb-messe.de\/de\/wp-json\/wp\/v2\/pages\/122895\/revisions"}],"predecessor-version":[{"id":145284,"href":"https:\/\/www.fmb-messe.de\/de\/wp-json\/wp\/v2\/pages\/122895\/revisions\/145284"}],"wp:attachment":[{"href":"https:\/\/www.fmb-messe.de\/de\/wp-json\/wp\/v2\/media?parent=122895"}],"curies":[{"name":"wp","href":"https:\/\/api.w.org\/{rel}","templated":true}]}}